{"id":97,"date":"2022-01-27T10:58:35","date_gmt":"2022-01-27T10:58:35","guid":{"rendered":"http:\/\/cognito.mprinsdesign.nl\/?page_id=97"},"modified":"2025-04-18T10:39:32","modified_gmt":"2025-04-18T10:39:32","slug":"lieu","status":"publish","type":"page","link":"https:\/\/soleil-marbella.com\/fr\/lieu\/","title":{"rendered":"lieu"},"content":{"rendered":"<section class=\"wpb-content-wrapper\"><div  class=\"content_row row page-content vc_row wpb_row  default-style fullwidth\" >\n\t\n\t<div class=\"content_row_wrapper  default\" >\n\t<div id=\"asdasd\" class=\"vc_col-sm-12 wpb_column vc_column_container\" >\n\t<div class=\"vc_column-inner\">\n\t\t<div class=\"wpb_wrapper\" >\n\t\t\t<div class=\"rt_heading_wrapper no-style\">\n\t\t\t\t\t\t<h1 class=\"rt_heading  no-style\"  style=\"font-size:24px;margin-top:24px;margin-bottom:0px;\">Lieu - <span class=\"after_h1\">Soleil Marbella<\/span><\/h1> \n\t\t\t\t\t<\/div><div class=\"vc_empty_space\"   style=\"height: 32px\"><span class=\"vc_empty_space_inner\"><\/span><\/div><div class=\"vc_separator wpb_content_element vc_separator_align_center vc_sep_width_100 vc_sep_style-4 vc_sep_pos_align_center vc_separator_no_text vc_sep_color_grey\" ><span class=\"vc_sep_holder vc_sep_holder_l\"><span class=\"vc_sep_line\"><\/span><\/span><span class=\"vc_sep_holder vc_sep_holder_r\"><span class=\"vc_sep_line\"><\/span><\/span>\n<\/div>\n\t\t<\/div>\n\t<\/div>\n\t<\/div>\n\n<\/div>\n<\/div>\n\n<div  class=\"content_row row room-list vc_row wpb_row  default-style fullwidth\" >\n\t\n\t<div class=\"content_row_wrapper  fullwidth\" >\n\t<div id=\"asdasd\" class=\"vc_col-sm-12 wpb_column vc_column_container\" >\n\t<div class=\"vc_column-inner\">\n\t\t<div class=\"wpb_wrapper\" >\n\t\t\t<div class=\"google_map_holder\" data-height=\"300\" data-scope=\"#map-133202\" data-bw=\"\">\n\n\t\t\t<div id=\"map-133202\" class=\"google_map\"><\/div>\n\t\t\t<script type=\"text\/javascript\">\n\t\t\t \/* <![CDATA[ *\/ \n\t\t\t\t\/\/ Runs google maps\t\n\t\t\t\t\tjQuery(function() {\n\t\t\t\t\t\tjQuery(\"#map-133202\").rt_maps([[\"Soleil Marbella\", 36.529138, -4.841712, 4,\"\"],],10); \n\t\t\t\t\t});\n\t\t\t\/* ]]> *\/\t\n\t\t\t<\/script>\n\n\t\t<\/div><div class=\"vc_empty_space\"   style=\"height: 180px\"><span class=\"vc_empty_space_inner\"><\/span><\/div>\n\t<div class=\"wpb_text_column wpb_content_element\" >\n\t\t<div class=\"wpb_wrapper\">\n\t\t\t\n\t\t<\/div>\n\t<\/div>\n<div class=\"vc_btn3-container vc_btn3-center\" ><a class=\"vc_general vc_btn3 vc_btn3-size-md vc_btn3-shape-square vc_btn3-style-modern vc_btn3-color-warning\" href=\"https:\/\/soleil-marbella.com\/fr\/plus-dinformation\/\" title=\"Plus d&#039;information\">DEMANDER LA LISTE DE PRIX DE PR\u00c9-LANCEMENT<\/a><\/div>\n\t<div class=\"wpb_text_column wpb_content_element\" >\n\t\t<div class=\"wpb_wrapper\">\n\t\t\t<h3>Lieux d&#039;int\u00e9r\u00eat pr\u00e8s de Soleil Marbella<\/h3>\n<p>Voici une s\u00e9lection de sites touristiques \u00e0 proximit\u00e9 de Soleil Marbella. Un beau m\u00e9lange de culture, de luxe, de nature, de d\u00e9tente et d&#039;\u00e9quipements pratiques, le tout facilement accessible.<\/p>\n<ul>\n<li><strong>La vieille ville (Casco Antiguo) de Marbella : <\/strong>\u00a0Comme mentionn\u00e9 pr\u00e9c\u00e9demment, avec ses rues charmantes, la Plaza de los Naranjos, ses boutiques et ses bars \u00e0 tapas. A voir absolument.<\/li>\n<li><strong>Puerto Ban\u00fas :<\/strong>\u00a0 La marina de renomm\u00e9e mondiale regorge de yachts de luxe, de boutiques de cr\u00e9ateurs, de restaurants haut de gamme et d&#039;une atmosph\u00e8re anim\u00e9e, surtout le soir.<\/li>\n<li><strong>Le boulevard (Paseo Mar\u00edtimo) de Marbella\u00a0:<\/strong>\u00a0 Une belle promenade le long de la plage, id\u00e9ale pour marcher, faire du v\u00e9lo, profiter de la vue sur la mer et s&#039;arr\u00eater dans l&#039;un des nombreux chiringuitos (restaurants de plage).<\/li>\n<li><strong>Port et plage de Cabopino :<\/strong>\u00a0 Une marina plus petite et pleine d&#039;ambiance avec de bons restaurants et une belle plage avec des dunes prot\u00e9g\u00e9es (dunes d&#039;Artola).<\/li>\n<li><strong>Mijas Pueblo :<\/strong>\u00a0 Un village de montagne blanc andalou embl\u00e9matique (pueblo blanco) avec des rues \u00e9troites, des taxis \u00e0 dos d&#039;\u00e2ne et des vues fantastiques sur la c\u00f4te.<\/li>\n<li><strong>Yeux:<\/strong>\u00a0 Un autre charmant village blanc, plus proche que Mijas, nich\u00e9 dans les collines au-dessus de Marbella, connu pour sa tranquillit\u00e9 et son atmosph\u00e8re traditionnelle.<\/li>\n<li><strong>Centre commercial La Ca\u00f1ada :<\/strong>\u00a0 Un grand centre commercial int\u00e9rieur moderne avec un large \u00e9ventail de magasins, un supermarch\u00e9, un cin\u00e9ma et des restaurants. Pratique pour les questions pratiques ou lorsque le temps est mauvais.<\/li>\n<\/ul>\n<p>&nbsp;<\/p>\n<h3><strong>&#039;Costa del Golf&#039;<\/strong><\/h3>\n<p>Il n&#039;est pas surprenant que, situ\u00e9 au milieu de la \u00ab Costa del Golf \u00bb, il existe de magnifiques terrains de golf \u00e0 proximit\u00e9 de Laguna Mijas. Voici un aper\u00e7u :<\/p>\n<p><em>Terrains de golf \u00e0 proximit\u00e9 :<\/em><\/p>\n<p>Soleil Marbella est tr\u00e8s id\u00e9alement situ\u00e9 \u00e0 proximit\u00e9 de plusieurs excellents terrains de golf. Les plus proches se trouvent pratiquement au pied de la colline :<\/p>\n<ol>\n<li><strong>Rio Real Golf :<\/strong>\u00a0C&#039;est probablement le plus proche, souvent le seul\u00a0<strong>5 \u00e0 10 minutes<\/strong>\u00a0conduire (environ 3 \u00e0 5 km), selon votre emplacement exact \u00e0 Altos de Los Monteros.<\/li>\n<li><strong>Santa Clara Golf Marbella :<\/strong>\u00a0\u00c9galement tr\u00e8s proche, juste un peu plus \u00e0 l&#039;est que Rio Real. Comptez \u00e9galement sur un tel\u00a0<strong>5 \u00e0 10 minutes<\/strong>\u00a0conduite (environ 4-6 km).<\/li>\n<li><strong>Marbella Golf &amp; Country Club :<\/strong>\u00a0Ce parcours est \u00e9galement \u00e0 proximit\u00e9, juste \u00e0 l&#039;est de Santa Clara. Le temps de trajet est similaire, peut-\u00eatre\u00a0<strong>7 \u00e0 12 minutes<\/strong>\u00a0(environ 5-8 km).<\/li>\n<\/ol>\n<p>En bref, pour les amateurs de golf, Soleil Marbella est une excellente base avec plusieurs terrains de golf de premier ordre.<\/p>\n\n\t\t<\/div>\n\t<\/div>\n\n\t<div  class=\"wpb_single_image wpb_content_element vc_align_center\">\n\t\t\n\t\t<figure class=\"wpb_wrapper vc_figure\">\n\t\t\t<div class=\"vc_single_image-wrapper   vc_box_border_grey\"><img fetchpriority=\"high\" decoding=\"async\" width=\"1000\" height=\"412\" src=\"https:\/\/soleil-marbella.com\/wp-content\/uploads\/sites\/50\/2025\/03\/Mijas-Golf-Olivos.png\" class=\"vc_single_image-img attachment-full\" alt=\"Mijas Golf - Olivias\" title=\"Mijas Golf Olivos\" srcset=\"https:\/\/soleil-marbella.com\/wp-content\/uploads\/sites\/50\/2025\/03\/Mijas-Golf-Olivos.png 1000w, https:\/\/soleil-marbella.com\/wp-content\/uploads\/sites\/50\/2025\/03\/Mijas-Golf-Olivos-300x124.png 300w, https:\/\/soleil-marbella.com\/wp-content\/uploads\/sites\/50\/2025\/03\/Mijas-Golf-Olivos-768x316.png 768w, https:\/\/soleil-marbella.com\/wp-content\/uploads\/sites\/50\/2025\/03\/Mijas-Golf-Olivos-18x7.png 18w\" sizes=\"(max-width: 1000px) 100vw, 1000px\" \/><\/div>\n\t\t<\/figure>\n\t<\/div>\n\n\t<div class=\"wpb_text_column wpb_content_element\" >\n\t\t<div class=\"wpb_wrapper\">\n\t\t\t<h3>Pourquoi choisir Pre-Launch ?<\/h3>\n<ul>\n<li>Pr\u00e9-lancement : En tant qu&#039;investisseur pr\u00e9coce, vous avez la <strong>premier choix parmi les unit\u00e9s disponibles<\/strong>, vous donnant la possibilit\u00e9 de choisir un bien qui correspond parfaitement \u00e0 vos besoins.<\/li>\n<li>Prix attractifs : La premi\u00e8re phase est <strong>prix comp\u00e9titifs pour attirer rapidement les premiers acheteurs<\/strong> et \u00e9valuer la demande, ce qui rend cette phase id\u00e9ale pour un usage personnel et un investissement.<\/li>\n<li>Rendements potentiels \u00e9lev\u00e9s : historiquement<strong> investir dans cette phase offre souvent le rendement le plus \u00e9lev\u00e9<\/strong> sur l&#039;investissement.<\/li>\n<li>Assistance juridique : Soutien juridique pour <strong>avocats ind\u00e9pendants<\/strong> qui parlent votre langue.<\/li>\n<li>Garantie bancaire :<strong> S\u00e9curit\u00e9 financi\u00e8re<\/strong> et une protection juridique suppl\u00e9mentaire<\/li>\n<\/ul>\n<p>Dans cette phase de pr\u00e9-lancement, nous pouvons <em>ne donne pas encore tous les d\u00e9tails<\/em>. Vous pouvez d\u00e8s maintenant demander la liste de prix de pr\u00e9-lancement \u2013 sans aucune obligation. Au<strong> d\u00e9but des ventes officielles, nous vous enverrons tous les d\u00e9tails imm\u00e9diatement,<\/strong> y compris la brochure, la planification, les options de financement, les sp\u00e9cifications de construction, les plans d&#039;\u00e9tage, etc. Vous ferez alors partie du groupe s\u00e9lect qui a le premier choix.<\/p>\n\n\t\t<\/div>\n\t<\/div>\n<div class=\"vc_btn3-container vc_btn3-center\" ><a class=\"vc_general vc_btn3 vc_btn3-size-md vc_btn3-shape-square vc_btn3-style-modern vc_btn3-color-warning\" href=\"https:\/\/soleil-marbella.com\/fr\/plus-dinformation\/\" title=\"Plus d&#039;information\">DEMANDER LA LISTE DE PRIX DE PR\u00c9-LANCEMENT<\/a><\/div>\n\t<div class=\"wpb_text_column wpb_content_element\" >\n\t\t<div class=\"wpb_wrapper\">\n\t\t\t\n\t\t<\/div>\n\t<\/div>\n\n\t\t<\/div>\n\t<\/div>\n\t<\/div>\n\n<\/div>\n<\/div>\n\n<div  class=\"content_row row vc_row wpb_row  default-style fullwidth\" >\n\t\n\t<div class=\"content_row_wrapper  default\" >\n\t<div id=\"asdasd\" class=\"vc_col-sm-12 wpb_column vc_column_container\" >\n\t<div class=\"vc_column-inner\">\n\t\t<div class=\"wpb_wrapper\" >\n\t\t\t\n\t\t<\/div>\n\t<\/div>\n\t<\/div>\n\n<\/div>\n<\/div>\n<\/section>","protected":false},"excerpt":{"rendered":"<p>\u2026 <a class=\"more-link\" href=\"https:\/\/soleil-marbella.com\/fr\/lieu\/\">continuer la lecture<\/a><\/p>","protected":false},"author":1,"featured_media":4223,"parent":0,"menu_order":5,"comment_status":"closed","ping_status":"closed","template":"","meta":{"footnotes":""},"class_list":["post-97","page","type-page","status-publish","has-post-thumbnail","hentry"],"yoast_head":"<!-- This site is optimized with the Yoast SEO plugin v26.0 - https:\/\/yoast.com\/wordpress\/plugins\/seo\/ -->\n<title>Locatie - Soleil Marbella<\/title>\n<meta name=\"robots\" content=\"index, follow, max-snippet:-1, max-image-preview:large, max-video-preview:-1\" \/>\n<link rel=\"canonical\" href=\"https:\/\/soleil-marbella.com\/fr\/lieu\/\" \/>\n<meta property=\"og:locale\" content=\"fr_FR\" \/>\n<meta property=\"og:type\" content=\"article\" \/>\n<meta property=\"og:title\" content=\"Locatie - Soleil Marbella\" \/>\n<meta property=\"og:url\" content=\"https:\/\/soleil-marbella.com\/fr\/lieu\/\" \/>\n<meta property=\"og:site_name\" content=\"Soleil Marbella\" \/>\n<meta property=\"article:modified_time\" content=\"2025-04-18T10:39:32+00:00\" \/>\n<meta property=\"og:image\" content=\"https:\/\/soleil-marbella.com\/wp-content\/uploads\/sites\/50\/2022\/10\/soleil_1-scaled.jpg\" \/>\n\t<meta property=\"og:image:width\" content=\"2560\" \/>\n\t<meta property=\"og:image:height\" content=\"1800\" \/>\n\t<meta property=\"og:image:type\" content=\"image\/jpeg\" \/>\n<meta name=\"twitter:card\" content=\"summary_large_image\" \/>\n<meta name=\"twitter:label1\" content=\"Dur\u00e9e de lecture estim\u00e9e\" \/>\n\t<meta name=\"twitter:data1\" content=\"4 minutes\" \/>\n<script type=\"application\/ld+json\" class=\"yoast-schema-graph\">{\"@context\":\"https:\/\/schema.org\",\"@graph\":[{\"@type\":\"WebPage\",\"@id\":\"https:\/\/soleil-marbella.com\/locatie\/\",\"url\":\"https:\/\/soleil-marbella.com\/locatie\/\",\"name\":\"Locatie - Soleil Marbella\",\"isPartOf\":{\"@id\":\"https:\/\/soleil-marbella.com\/#website\"},\"primaryImageOfPage\":{\"@id\":\"https:\/\/soleil-marbella.com\/locatie\/#primaryimage\"},\"image\":{\"@id\":\"https:\/\/soleil-marbella.com\/locatie\/#primaryimage\"},\"thumbnailUrl\":\"https:\/\/soleil-marbella.com\/wp-content\/uploads\/sites\/50\/2022\/10\/soleil_1-scaled.jpg\",\"datePublished\":\"2022-01-27T10:58:35+00:00\",\"dateModified\":\"2025-04-18T10:39:32+00:00\",\"breadcrumb\":{\"@id\":\"https:\/\/soleil-marbella.com\/locatie\/#breadcrumb\"},\"inLanguage\":\"fr-FR\",\"potentialAction\":[{\"@type\":\"ReadAction\",\"target\":[\"https:\/\/soleil-marbella.com\/locatie\/\"]}]},{\"@type\":\"ImageObject\",\"inLanguage\":\"fr-FR\",\"@id\":\"https:\/\/soleil-marbella.com\/locatie\/#primaryimage\",\"url\":\"https:\/\/soleil-marbella.com\/wp-content\/uploads\/sites\/50\/2022\/10\/soleil_1-scaled.jpg\",\"contentUrl\":\"https:\/\/soleil-marbella.com\/wp-content\/uploads\/sites\/50\/2022\/10\/soleil_1-scaled.jpg\",\"width\":2560,\"height\":1800},{\"@type\":\"BreadcrumbList\",\"@id\":\"https:\/\/soleil-marbella.com\/locatie\/#breadcrumb\",\"itemListElement\":[{\"@type\":\"ListItem\",\"position\":1,\"name\":\"Home\",\"item\":\"https:\/\/soleil-marbella.com\/\"},{\"@type\":\"ListItem\",\"position\":2,\"name\":\"Locatie\"}]},{\"@type\":\"WebSite\",\"@id\":\"https:\/\/soleil-marbella.com\/#website\",\"url\":\"https:\/\/soleil-marbella.com\/\",\"name\":\"Soleil Marbella\",\"description\":\"Uitzonderlijk wonen in Marbella\",\"potentialAction\":[{\"@type\":\"SearchAction\",\"target\":{\"@type\":\"EntryPoint\",\"urlTemplate\":\"https:\/\/soleil-marbella.com\/?s={search_term_string}\"},\"query-input\":{\"@type\":\"PropertyValueSpecification\",\"valueRequired\":true,\"valueName\":\"search_term_string\"}}],\"inLanguage\":\"fr-FR\"}]}<\/script>\n<!-- \/ Yoast SEO plugin. -->","yoast_head_json":{"title":"Localisation - Soleil Marbella","robots":{"index":"index","follow":"follow","max-snippet":"max-snippet:-1","max-image-preview":"max-image-preview:large","max-video-preview":"max-video-preview:-1"},"canonical":"https:\/\/soleil-marbella.com\/fr\/lieu\/","og_locale":"fr_FR","og_type":"article","og_title":"Locatie - Soleil Marbella","og_url":"https:\/\/soleil-marbella.com\/fr\/lieu\/","og_site_name":"Soleil Marbella","article_modified_time":"2025-04-18T10:39:32+00:00","og_image":[{"width":2560,"height":1800,"url":"https:\/\/soleil-marbella.com\/wp-content\/uploads\/sites\/50\/2022\/10\/soleil_1-scaled.jpg","type":"image\/jpeg"}],"twitter_card":"summary_large_image","twitter_misc":{"Dur\u00e9e de lecture estim\u00e9e":"4 minutes"},"schema":{"@context":"https:\/\/schema.org","@graph":[{"@type":"WebPage","@id":"https:\/\/soleil-marbella.com\/locatie\/","url":"https:\/\/soleil-marbella.com\/locatie\/","name":"Localisation - Soleil Marbella","isPartOf":{"@id":"https:\/\/soleil-marbella.com\/#website"},"primaryImageOfPage":{"@id":"https:\/\/soleil-marbella.com\/locatie\/#primaryimage"},"image":{"@id":"https:\/\/soleil-marbella.com\/locatie\/#primaryimage"},"thumbnailUrl":"https:\/\/soleil-marbella.com\/wp-content\/uploads\/sites\/50\/2022\/10\/soleil_1-scaled.jpg","datePublished":"2022-01-27T10:58:35+00:00","dateModified":"2025-04-18T10:39:32+00:00","breadcrumb":{"@id":"https:\/\/soleil-marbella.com\/locatie\/#breadcrumb"},"inLanguage":"fr-FR","potentialAction":[{"@type":"ReadAction","target":["https:\/\/soleil-marbella.com\/locatie\/"]}]},{"@type":"ImageObject","inLanguage":"fr-FR","@id":"https:\/\/soleil-marbella.com\/locatie\/#primaryimage","url":"https:\/\/soleil-marbella.com\/wp-content\/uploads\/sites\/50\/2022\/10\/soleil_1-scaled.jpg","contentUrl":"https:\/\/soleil-marbella.com\/wp-content\/uploads\/sites\/50\/2022\/10\/soleil_1-scaled.jpg","width":2560,"height":1800},{"@type":"BreadcrumbList","@id":"https:\/\/soleil-marbella.com\/locatie\/#breadcrumb","itemListElement":[{"@type":"ListItem","position":1,"name":"Home","item":"https:\/\/soleil-marbella.com\/"},{"@type":"ListItem","position":2,"name":"Locatie"}]},{"@type":"WebSite","@id":"https:\/\/soleil-marbella.com\/#website","url":"https:\/\/soleil-marbella.com\/","name":"Soleil Marbella","description":"Une vie exceptionnelle \u00e0 Marbella","potentialAction":[{"@type":"SearchAction","target":{"@type":"EntryPoint","urlTemplate":"https:\/\/soleil-marbella.com\/?s={search_term_string}"},"query-input":{"@type":"PropertyValueSpecification","valueRequired":true,"valueName":"search_term_string"}}],"inLanguage":"fr-FR"}]}},"_links":{"self":[{"href":"https:\/\/soleil-marbella.com\/fr\/wp-json\/wp\/v2\/pages\/97","targetHints":{"allow":["GET"]}}],"collection":[{"href":"https:\/\/soleil-marbella.com\/fr\/wp-json\/wp\/v2\/pages"}],"about":[{"href":"https:\/\/soleil-marbella.com\/fr\/wp-json\/wp\/v2\/types\/page"}],"author":[{"embeddable":true,"href":"https:\/\/soleil-marbella.com\/fr\/wp-json\/wp\/v2\/users\/1"}],"replies":[{"embeddable":true,"href":"https:\/\/soleil-marbella.com\/fr\/wp-json\/wp\/v2\/comments?post=97"}],"version-history":[{"count":21,"href":"https:\/\/soleil-marbella.com\/fr\/wp-json\/wp\/v2\/pages\/97\/revisions"}],"predecessor-version":[{"id":4256,"href":"https:\/\/soleil-marbella.com\/fr\/wp-json\/wp\/v2\/pages\/97\/revisions\/4256"}],"wp:featuredmedia":[{"embeddable":true,"href":"https:\/\/soleil-marbella.com\/fr\/wp-json\/wp\/v2\/media\/4223"}],"wp:attachment":[{"href":"https:\/\/soleil-marbella.com\/fr\/wp-json\/wp\/v2\/media?parent=97"}],"curies":[{"name":"wp","href":"https:\/\/api.w.org\/{rel}","templated":true}]}}