{"id":97,"date":"2022-01-27T10:58:35","date_gmt":"2022-01-27T10:58:35","guid":{"rendered":"http:\/\/cognito.mprinsdesign.nl\/?page_id=97"},"modified":"2025-04-18T10:39:32","modified_gmt":"2025-04-18T10:39:32","slug":"ubicacion","status":"publish","type":"page","link":"https:\/\/soleil-marbella.com\/es\/ubicacion\/","title":{"rendered":"Ubicaci\u00f3n"},"content":{"rendered":"<section class=\"wpb-content-wrapper\"><div  class=\"content_row row page-content vc_row wpb_row  default-style fullwidth\" >\n\t\n\t<div class=\"content_row_wrapper  default\" >\n\t<div id=\"asdasd\" class=\"vc_col-sm-12 wpb_column vc_column_container\" >\n\t<div class=\"vc_column-inner\">\n\t\t<div class=\"wpb_wrapper\" >\n\t\t\t<div class=\"rt_heading_wrapper no-style\">\n\t\t\t\t\t\t<h1 class=\"rt_heading  no-style\"  style=\"font-size:24px;margin-top:24px;margin-bottom:0px;\">Ubicaci\u00f3n - <span class=\"after_h1\">Soleil Marbella<\/span><\/h1> \n\t\t\t\t\t<\/div><div class=\"vc_empty_space\"   style=\"height: 32px\"><span class=\"vc_empty_space_inner\"><\/span><\/div><div class=\"vc_separator wpb_content_element vc_separator_align_center vc_sep_width_100 vc_sep_style-4 vc_sep_pos_align_center vc_separator_no_text vc_sep_color_grey\" ><span class=\"vc_sep_holder vc_sep_holder_l\"><span class=\"vc_sep_line\"><\/span><\/span><span class=\"vc_sep_holder vc_sep_holder_r\"><span class=\"vc_sep_line\"><\/span><\/span>\n<\/div>\n\t\t<\/div>\n\t<\/div>\n\t<\/div>\n\n<\/div>\n<\/div>\n\n<div  class=\"content_row row room-list vc_row wpb_row  default-style fullwidth\" >\n\t\n\t<div class=\"content_row_wrapper  fullwidth\" >\n\t<div id=\"asdasd\" class=\"vc_col-sm-12 wpb_column vc_column_container\" >\n\t<div class=\"vc_column-inner\">\n\t\t<div class=\"wpb_wrapper\" >\n\t\t\t<div class=\"google_map_holder\" data-height=\"300\" data-scope=\"#map-204799\" data-bw=\"\">\n\n\t\t\t<div id=\"map-204799\" class=\"google_map\"><\/div>\n\t\t\t<script type=\"text\/javascript\">\n\t\t\t \/* <![CDATA[ *\/ \n\t\t\t\t\/\/ Runs google maps\t\n\t\t\t\t\tjQuery(function() {\n\t\t\t\t\t\tjQuery(\"#map-204799\").rt_maps([[\"Soleil Marbella\", 36.529138, -4.841712, 4,\"\"],],10); \n\t\t\t\t\t});\n\t\t\t\/* ]]> *\/\t\n\t\t\t<\/script>\n\n\t\t<\/div><div class=\"vc_empty_space\"   style=\"height: 180px\"><span class=\"vc_empty_space_inner\"><\/span><\/div>\n\t<div class=\"wpb_text_column wpb_content_element\" >\n\t\t<div class=\"wpb_wrapper\">\n\t\t\t\n\t\t<\/div>\n\t<\/div>\n<div class=\"vc_btn3-container vc_btn3-center\" ><a class=\"vc_general vc_btn3 vc_btn3-size-md vc_btn3-shape-square vc_btn3-style-modern vc_btn3-color-warning\" href=\"https:\/\/soleil-marbella.com\/es\/mas-informacion\/\" title=\"M\u00e1s informaci\u00f3n\">SOLICITAR LISTA DE PRECIOS DE PRELANZAMIENTO<\/a><\/div>\n\t<div class=\"wpb_text_column wpb_content_element\" >\n\t\t<div class=\"wpb_wrapper\">\n\t\t\t<h3>Lugares de inter\u00e9s cerca de Soleil Marbella<\/h3>\n<p>Aqu\u00ed tienes una selecci\u00f3n de lugares de inter\u00e9s cerca de Soleil Marbella. Una hermosa mezcla de cultura, lujo, naturaleza, relajaci\u00f3n e instalaciones pr\u00e1cticas, todas de f\u00e1cil acceso.<\/p>\n<ul>\n<li><strong>El Casco Antiguo de Marbella: <\/strong>\u00a0Como ya hemos comentado antes, con sus encantadoras calles, Plaza de los Naranjos, boutiques y bares de tapas. Una visita absolutamente imprescindible.<\/li>\n<li><strong>Puerto Ban\u00fas:<\/strong>\u00a0 El puerto deportivo mundialmente famoso lleno de yates de lujo, tiendas de dise\u00f1adores, restaurantes de alta gama y un ambiente vibrante, especialmente por las noches.<\/li>\n<li><strong>El Paseo Mar\u00edtimo de Marbella:<\/strong>\u00a0 Un bonito paseo junto a la playa, ideal para caminar, montar en bicicleta, disfrutar de las vistas al mar y parar en alguno de los numerosos chiringuitos.<\/li>\n<li><strong>Puerto y playa de Cabopino:<\/strong>\u00a0 Un puerto deportivo m\u00e1s peque\u00f1o y atmosf\u00e9rico con buenos restaurantes y una hermosa playa con dunas protegidas (dunas de Artola).<\/li>\n<li><strong>Mijas Pueblo:<\/strong>\u00a0 Un emblem\u00e1tico pueblo blanco de monta\u00f1a andaluz con calles estrechas, burros taxi y fant\u00e1sticas vistas de la costa.<\/li>\n<li><strong>Ojos:<\/strong>\u00a0 Otro encantador pueblo blanco, m\u00e1s cercano que Mijas, enclavado en las colinas sobre Marbella, conocido por su tranquilidad y ambiente tradicional.<\/li>\n<li><strong>Centro Comercial La Ca\u00f1ada:<\/strong>\u00a0 Un gran y moderno centro comercial cubierto con una amplia gama de tiendas, supermercado, cine y opciones de restauraci\u00f3n. \u00datil para cuestiones pr\u00e1cticas o cuando hace mal tiempo.<\/li>\n<\/ul>\n<p>&nbsp;<\/p>\n<h3><strong>&#039;Costa del Golf&#039;<\/strong><\/h3>\n<p>No es de extra\u00f1ar que, situado en plena Costa del Golf, haya hermosos campos de golf cerca de Laguna Mijas. A continuaci\u00f3n se presenta una descripci\u00f3n general:<\/p>\n<p><em>Campos de golf cercanos:<\/em><\/p>\n<p>Soleil Marbella est\u00e1 muy convenientemente ubicado cerca de varios campos de golf excelentes. Los m\u00e1s cercanos est\u00e1n pr\u00e1cticamente al pie de la colina:<\/p>\n<ol>\n<li><strong>R\u00edo Real Golf:<\/strong>\u00a0Este es probablemente el m\u00e1s cercano, a menudo el \u00fanico\u00a0<strong>5 a 10 minutos<\/strong>\u00a0conduzca (aproximadamente 3-5 km), dependiendo de su ubicaci\u00f3n exacta en Altos de Los Monteros.<\/li>\n<li><strong>Santa Clara Golf Marbella:<\/strong>\u00a0Tambi\u00e9n muy cerca, un poco m\u00e1s al este que R\u00edo Real. Cuente tambi\u00e9n con tal\u00a0<strong>5 a 10 minutos<\/strong>\u00a0Conducir (unos 4-6 km).<\/li>\n<li><strong>Marbella Golf &amp; Country Club:<\/strong>\u00a0Este curso tambi\u00e9n est\u00e1 cerca, justo al este de Santa Clara. El tiempo de viaje es similar, tal vez.\u00a0<strong>7 a 12 minutos<\/strong>\u00a0(unos 5-8 kil\u00f3metros).<\/li>\n<\/ol>\n<p>En resumen, para los amantes del golf, Soleil Marbella es una base excelente con varios campos de golf de primer nivel.<\/p>\n\n\t\t<\/div>\n\t<\/div>\n\n\t<div  class=\"wpb_single_image wpb_content_element vc_align_center\">\n\t\t\n\t\t<figure class=\"wpb_wrapper vc_figure\">\n\t\t\t<div class=\"vc_single_image-wrapper   vc_box_border_grey\"><img fetchpriority=\"high\" decoding=\"async\" width=\"1000\" height=\"412\" src=\"https:\/\/soleil-marbella.com\/wp-content\/uploads\/sites\/50\/2025\/03\/Mijas-Golf-Olivos.png\" class=\"vc_single_image-img attachment-full\" alt=\"Mijas Golf - Olivias\" title=\"Mijas Golf Olivos\" srcset=\"https:\/\/soleil-marbella.com\/wp-content\/uploads\/sites\/50\/2025\/03\/Mijas-Golf-Olivos.png 1000w, https:\/\/soleil-marbella.com\/wp-content\/uploads\/sites\/50\/2025\/03\/Mijas-Golf-Olivos-300x124.png 300w, https:\/\/soleil-marbella.com\/wp-content\/uploads\/sites\/50\/2025\/03\/Mijas-Golf-Olivos-768x316.png 768w, https:\/\/soleil-marbella.com\/wp-content\/uploads\/sites\/50\/2025\/03\/Mijas-Golf-Olivos-18x7.png 18w\" sizes=\"(max-width: 1000px) 100vw, 1000px\" \/><\/div>\n\t\t<\/figure>\n\t<\/div>\n\n\t<div class=\"wpb_text_column wpb_content_element\" >\n\t\t<div class=\"wpb_wrapper\">\n\t\t\t<h3>\u00bfPor qu\u00e9 elegir Pre-Lanzamiento?<\/h3>\n<ul>\n<li>Prelanzamiento: como inversor inicial, tienes la <strong>Primera opci\u00f3n entre las unidades disponibles<\/strong>, d\u00e1ndole la oportunidad de elegir una propiedad que se adapte perfectamente a sus necesidades.<\/li>\n<li>Precios atractivos: La primera fase es <strong>Precios competitivos para atraer r\u00e1pidamente a los primeros compradores<\/strong> y medir la demanda, lo que hace que esta fase sea ideal tanto para uso personal como para inversi\u00f3n.<\/li>\n<li>Altos rendimientos potenciales: hist\u00f3ricamente<strong> Invertir en esta fase suele ofrecer el mayor rendimiento.<\/strong> sobre la inversi\u00f3n.<\/li>\n<li>Asistencia Legal: Apoyo legal para <strong>abogados independientes<\/strong> que hablan tu idioma.<\/li>\n<li>Garant\u00eda bancaria:<strong> Seguridad financiera<\/strong> y protecci\u00f3n jur\u00eddica adicional<\/li>\n<\/ul>\n<p>En esta fase de prelanzamiento podemos <em>A\u00fan no se han dado todos los detalles<\/em>. Ya puedes solicitar la lista de precios pre-lanzamiento \u2013 sin ning\u00fan compromiso. Al<strong> Inicio de ventas oficiales, enviaremos todos los detalles de inmediato,<\/strong> incluyendo el folleto, la planificaci\u00f3n, las opciones de financiamiento, las especificaciones de construcci\u00f3n, los planos de planta, etc. Entonces usted pertenecer\u00e1 al grupo selecto que tiene la primera opci\u00f3n.<\/p>\n\n\t\t<\/div>\n\t<\/div>\n<div class=\"vc_btn3-container vc_btn3-center\" ><a class=\"vc_general vc_btn3 vc_btn3-size-md vc_btn3-shape-square vc_btn3-style-modern vc_btn3-color-warning\" href=\"https:\/\/soleil-marbella.com\/es\/mas-informacion\/\" title=\"M\u00e1s informaci\u00f3n\">SOLICITAR LISTA DE PRECIOS DE PRELANZAMIENTO<\/a><\/div>\n\t<div class=\"wpb_text_column wpb_content_element\" >\n\t\t<div class=\"wpb_wrapper\">\n\t\t\t\n\t\t<\/div>\n\t<\/div>\n\n\t\t<\/div>\n\t<\/div>\n\t<\/div>\n\n<\/div>\n<\/div>\n\n<div  class=\"content_row row vc_row wpb_row  default-style fullwidth\" >\n\t\n\t<div class=\"content_row_wrapper  default\" >\n\t<div id=\"asdasd\" class=\"vc_col-sm-12 wpb_column vc_column_container\" >\n\t<div class=\"vc_column-inner\">\n\t\t<div class=\"wpb_wrapper\" >\n\t\t\t\n\t\t<\/div>\n\t<\/div>\n\t<\/div>\n\n<\/div>\n<\/div>\n<\/section>","protected":false},"excerpt":{"rendered":"<p>\u2026 <a class=\"more-link\" href=\"https:\/\/soleil-marbella.com\/es\/ubicacion\/\">sigue leyendo<\/a><\/p>","protected":false},"author":1,"featured_media":4223,"parent":0,"menu_order":5,"comment_status":"closed","ping_status":"closed","template":"","meta":{"footnotes":""},"class_list":["post-97","page","type-page","status-publish","has-post-thumbnail","hentry"],"yoast_head":"<!-- This site is optimized with the Yoast SEO plugin v26.0 - https:\/\/yoast.com\/wordpress\/plugins\/seo\/ -->\n<title>Locatie - Soleil Marbella<\/title>\n<meta name=\"robots\" content=\"index, follow, max-snippet:-1, max-image-preview:large, max-video-preview:-1\" \/>\n<link rel=\"canonical\" href=\"https:\/\/soleil-marbella.com\/es\/ubicacion\/\" \/>\n<meta property=\"og:locale\" content=\"es_ES\" \/>\n<meta property=\"og:type\" content=\"article\" \/>\n<meta property=\"og:title\" content=\"Locatie - Soleil Marbella\" \/>\n<meta property=\"og:url\" content=\"https:\/\/soleil-marbella.com\/es\/ubicacion\/\" \/>\n<meta property=\"og:site_name\" content=\"Soleil Marbella\" \/>\n<meta property=\"article:modified_time\" content=\"2025-04-18T10:39:32+00:00\" \/>\n<meta property=\"og:image\" content=\"https:\/\/soleil-marbella.com\/wp-content\/uploads\/sites\/50\/2022\/10\/soleil_1-scaled.jpg\" \/>\n\t<meta property=\"og:image:width\" content=\"2560\" \/>\n\t<meta property=\"og:image:height\" content=\"1800\" \/>\n\t<meta property=\"og:image:type\" content=\"image\/jpeg\" \/>\n<meta name=\"twitter:card\" content=\"summary_large_image\" \/>\n<meta name=\"twitter:label1\" content=\"Tiempo de lectura\" \/>\n\t<meta name=\"twitter:data1\" content=\"4 minutos\" \/>\n<script type=\"application\/ld+json\" class=\"yoast-schema-graph\">{\"@context\":\"https:\/\/schema.org\",\"@graph\":[{\"@type\":\"WebPage\",\"@id\":\"https:\/\/soleil-marbella.com\/locatie\/\",\"url\":\"https:\/\/soleil-marbella.com\/locatie\/\",\"name\":\"Locatie - Soleil Marbella\",\"isPartOf\":{\"@id\":\"https:\/\/soleil-marbella.com\/#website\"},\"primaryImageOfPage\":{\"@id\":\"https:\/\/soleil-marbella.com\/locatie\/#primaryimage\"},\"image\":{\"@id\":\"https:\/\/soleil-marbella.com\/locatie\/#primaryimage\"},\"thumbnailUrl\":\"https:\/\/soleil-marbella.com\/wp-content\/uploads\/sites\/50\/2022\/10\/soleil_1-scaled.jpg\",\"datePublished\":\"2022-01-27T10:58:35+00:00\",\"dateModified\":\"2025-04-18T10:39:32+00:00\",\"breadcrumb\":{\"@id\":\"https:\/\/soleil-marbella.com\/locatie\/#breadcrumb\"},\"inLanguage\":\"es\",\"potentialAction\":[{\"@type\":\"ReadAction\",\"target\":[\"https:\/\/soleil-marbella.com\/locatie\/\"]}]},{\"@type\":\"ImageObject\",\"inLanguage\":\"es\",\"@id\":\"https:\/\/soleil-marbella.com\/locatie\/#primaryimage\",\"url\":\"https:\/\/soleil-marbella.com\/wp-content\/uploads\/sites\/50\/2022\/10\/soleil_1-scaled.jpg\",\"contentUrl\":\"https:\/\/soleil-marbella.com\/wp-content\/uploads\/sites\/50\/2022\/10\/soleil_1-scaled.jpg\",\"width\":2560,\"height\":1800},{\"@type\":\"BreadcrumbList\",\"@id\":\"https:\/\/soleil-marbella.com\/locatie\/#breadcrumb\",\"itemListElement\":[{\"@type\":\"ListItem\",\"position\":1,\"name\":\"Home\",\"item\":\"https:\/\/soleil-marbella.com\/\"},{\"@type\":\"ListItem\",\"position\":2,\"name\":\"Locatie\"}]},{\"@type\":\"WebSite\",\"@id\":\"https:\/\/soleil-marbella.com\/#website\",\"url\":\"https:\/\/soleil-marbella.com\/\",\"name\":\"Soleil Marbella\",\"description\":\"Uitzonderlijk wonen in Marbella\",\"potentialAction\":[{\"@type\":\"SearchAction\",\"target\":{\"@type\":\"EntryPoint\",\"urlTemplate\":\"https:\/\/soleil-marbella.com\/?s={search_term_string}\"},\"query-input\":{\"@type\":\"PropertyValueSpecification\",\"valueRequired\":true,\"valueName\":\"search_term_string\"}}],\"inLanguage\":\"es\"}]}<\/script>\n<!-- \/ Yoast SEO plugin. -->","yoast_head_json":{"title":"Ubicaci\u00f3n - Soleil Marbella","robots":{"index":"index","follow":"follow","max-snippet":"max-snippet:-1","max-image-preview":"max-image-preview:large","max-video-preview":"max-video-preview:-1"},"canonical":"https:\/\/soleil-marbella.com\/es\/ubicacion\/","og_locale":"es_ES","og_type":"article","og_title":"Locatie - Soleil Marbella","og_url":"https:\/\/soleil-marbella.com\/es\/ubicacion\/","og_site_name":"Soleil Marbella","article_modified_time":"2025-04-18T10:39:32+00:00","og_image":[{"width":2560,"height":1800,"url":"https:\/\/soleil-marbella.com\/wp-content\/uploads\/sites\/50\/2022\/10\/soleil_1-scaled.jpg","type":"image\/jpeg"}],"twitter_card":"summary_large_image","twitter_misc":{"Tiempo de lectura":"4 minutos"},"schema":{"@context":"https:\/\/schema.org","@graph":[{"@type":"WebPage","@id":"https:\/\/soleil-marbella.com\/locatie\/","url":"https:\/\/soleil-marbella.com\/locatie\/","name":"Ubicaci\u00f3n - Soleil Marbella","isPartOf":{"@id":"https:\/\/soleil-marbella.com\/#website"},"primaryImageOfPage":{"@id":"https:\/\/soleil-marbella.com\/locatie\/#primaryimage"},"image":{"@id":"https:\/\/soleil-marbella.com\/locatie\/#primaryimage"},"thumbnailUrl":"https:\/\/soleil-marbella.com\/wp-content\/uploads\/sites\/50\/2022\/10\/soleil_1-scaled.jpg","datePublished":"2022-01-27T10:58:35+00:00","dateModified":"2025-04-18T10:39:32+00:00","breadcrumb":{"@id":"https:\/\/soleil-marbella.com\/locatie\/#breadcrumb"},"inLanguage":"es","potentialAction":[{"@type":"ReadAction","target":["https:\/\/soleil-marbella.com\/locatie\/"]}]},{"@type":"ImageObject","inLanguage":"es","@id":"https:\/\/soleil-marbella.com\/locatie\/#primaryimage","url":"https:\/\/soleil-marbella.com\/wp-content\/uploads\/sites\/50\/2022\/10\/soleil_1-scaled.jpg","contentUrl":"https:\/\/soleil-marbella.com\/wp-content\/uploads\/sites\/50\/2022\/10\/soleil_1-scaled.jpg","width":2560,"height":1800},{"@type":"BreadcrumbList","@id":"https:\/\/soleil-marbella.com\/locatie\/#breadcrumb","itemListElement":[{"@type":"ListItem","position":1,"name":"Home","item":"https:\/\/soleil-marbella.com\/"},{"@type":"ListItem","position":2,"name":"Locatie"}]},{"@type":"WebSite","@id":"https:\/\/soleil-marbella.com\/#website","url":"https:\/\/soleil-marbella.com\/","name":"Soleil Marbella","description":"Una vida excepcional en Marbella","potentialAction":[{"@type":"SearchAction","target":{"@type":"EntryPoint","urlTemplate":"https:\/\/soleil-marbella.com\/?s={search_term_string}"},"query-input":{"@type":"PropertyValueSpecification","valueRequired":true,"valueName":"search_term_string"}}],"inLanguage":"es"}]}},"_links":{"self":[{"href":"https:\/\/soleil-marbella.com\/es\/wp-json\/wp\/v2\/pages\/97","targetHints":{"allow":["GET"]}}],"collection":[{"href":"https:\/\/soleil-marbella.com\/es\/wp-json\/wp\/v2\/pages"}],"about":[{"href":"https:\/\/soleil-marbella.com\/es\/wp-json\/wp\/v2\/types\/page"}],"author":[{"embeddable":true,"href":"https:\/\/soleil-marbella.com\/es\/wp-json\/wp\/v2\/users\/1"}],"replies":[{"embeddable":true,"href":"https:\/\/soleil-marbella.com\/es\/wp-json\/wp\/v2\/comments?post=97"}],"version-history":[{"count":21,"href":"https:\/\/soleil-marbella.com\/es\/wp-json\/wp\/v2\/pages\/97\/revisions"}],"predecessor-version":[{"id":4256,"href":"https:\/\/soleil-marbella.com\/es\/wp-json\/wp\/v2\/pages\/97\/revisions\/4256"}],"wp:featuredmedia":[{"embeddable":true,"href":"https:\/\/soleil-marbella.com\/es\/wp-json\/wp\/v2\/media\/4223"}],"wp:attachment":[{"href":"https:\/\/soleil-marbella.com\/es\/wp-json\/wp\/v2\/media?parent=97"}],"curies":[{"name":"wp","href":"https:\/\/api.w.org\/{rel}","templated":true}]}}